{"id":2701,"date":"2021-03-12T10:32:44","date_gmt":"2021-03-12T09:32:44","guid":{"rendered":"https:\/\/hiproagro.com\/?page_id=2701"},"modified":"2021-04-08T09:28:40","modified_gmt":"2021-04-08T07:28:40","slug":"impression","status":"publish","type":"page","link":"https:\/\/hiproagro.com\/?page_id=2701&lang=fr","title":{"rendered":"Impression"},"content":{"rendered":"\n<p>Informations selon le \u00a7 5 TMG<\/p>\n\n\n\n<p><strong>ETE European-Technology-Export. UG ( hb)<\/strong> <\/p>\n\n\n\n<p>K\u00f6lner Str. 12 a, D-57612 Kroppach<\/p>\n\n\n\n<p>USt-ID: DE327103524<br><\/p>\n\n\n\n<p>Repr\u00e9sent\u00e9 par :<br>Robert Sch\u00fcchen<\/p>\n\n\n\n<p><\/p>\n\n\n\n<p>D\u00e9charge de responsabilit\u00e9 :<\/p>\n\n\n\n<p>Responsabilit\u00e9 du contenu<\/p>\n\n\n\n<p>Le contenu de nos pages a \u00e9t\u00e9 cr\u00e9\u00e9 avec le plus grand soin. Toutefois, nous ne pouvons assumer aucune responsabilit\u00e9 quant \u00e0 l&#8217;exactitude, l&#8217;exhaustivit\u00e9 et l&#8217;actualit\u00e9 des contenus. En tant que prestataire de services, nous sommes responsables de nos propres contenus sur ces pages, conform\u00e9ment \u00e0 l&#8217;article 7 paragraphe 1 TMG des lois g\u00e9n\u00e9rales. Conform\u00e9ment aux articles 8 \u00e0 10 du TMG, nous ne sommes pas tenus de surveiller les informations transmises ou stock\u00e9es ni d&#8217;enqu\u00eater sur les circonstances qui indiquent une activit\u00e9 ill\u00e9gale. Les obligations de supprimer ou de bloquer l&#8217;utilisation des informations conform\u00e9ment aux lois g\u00e9n\u00e9rales ne sont pas affect\u00e9es par cette disposition. Toutefois, la responsabilit\u00e9 \u00e0 cet \u00e9gard n&#8217;est possible qu&#8217;\u00e0 partir du moment o\u00f9 une infraction concr\u00e8te \u00e0 la loi est connue. Si nous avons connaissance de telles infractions, nous retirerons imm\u00e9diatement le contenu concern\u00e9.<\/p>\n\n\n\n<p>Responsabilit\u00e9 pour les liens<\/p>\n\n\n\n<p>Notre offre contient des liens vers des sites externes de tiers, sur le contenu desquels nous n&#8217;avons aucune influence. Par cons\u00e9quent, nous ne pouvons assumer aucune responsabilit\u00e9 pour ces contenus externes. Le fournisseur ou l&#8217;exploitant respectif des pages est toujours responsable du contenu des pages li\u00e9es. Les pages li\u00e9es ont \u00e9t\u00e9 v\u00e9rifi\u00e9es au moment de l&#8217;\u00e9tablissement du lien afin de d\u00e9tecter d&#8217;\u00e9ventuelles violations de la loi. Les contenus ill\u00e9gaux n&#8217;\u00e9taient pas reconnaissables au moment de l&#8217;\u00e9tablissement du lien. Cependant, un contr\u00f4le permanent du contenu des pages li\u00e9es n&#8217;est pas raisonnable sans preuve concr\u00e8te d&#8217;une violation de la loi. Si nous avons connaissance d&#8217;infractions, nous supprimerons imm\u00e9diatement ces liens.<\/p>\n\n\n\n<p>Copyright<\/p>\n\n\n\n<p>Les contenus et les \u0153uvres cr\u00e9\u00e9s par les exploitants du site sur ces pages sont soumis \u00e0 la l\u00e9gislation allemande sur le droit d&#8217;auteur. La duplication, le traitement, la distribution ou toute forme de commercialisation de ce mat\u00e9riel au-del\u00e0 de la port\u00e9e de la loi sur le droit d&#8217;auteur n\u00e9cessite le consentement \u00e9crit pr\u00e9alable de son auteur ou cr\u00e9ateur respectif. Les t\u00e9l\u00e9chargements et les copies de ce site ne sont autoris\u00e9s que pour un usage priv\u00e9 et non commercial. Dans la mesure o\u00f9 le contenu de ce site n&#8217;a pas \u00e9t\u00e9 cr\u00e9\u00e9 par l&#8217;op\u00e9rateur, les droits d&#8217;auteur des tiers sont respect\u00e9s. En particulier, les contenus de tiers sont identifi\u00e9s comme tels. Si vous avez n\u00e9anmoins connaissance d&#8217;une violation du droit d&#8217;auteur, veuillez nous en informer. Si nous avons connaissance d&#8217;infractions, nous supprimerons imm\u00e9diatement ce contenu.<\/p>\n\n\n\n<p>Protection des donn\u00e9es<\/p>\n\n\n\n<p>L&#8217;utilisation de notre site web est g\u00e9n\u00e9ralement possible sans fournir de donn\u00e9es personnelles. Dans la mesure o\u00f9, sur nos pages, des donn\u00e9es personnelles (telles que le nom, l&#8217;adresse ou les adresses \u00e9lectroniques) sont collect\u00e9es, cela se fait autant que possible sur une base volontaire. Ces donn\u00e9es ne seront pas transmises \u00e0 des tiers sans votre consentement explicite.<br>Nous attirons l&#8217;attention sur le fait que la transmission de donn\u00e9es sur Internet (par exemple, la communication par e-mail) peut pr\u00e9senter des failles de s\u00e9curit\u00e9. Une protection compl\u00e8te des donn\u00e9es contre l&#8217;acc\u00e8s par des tiers n&#8217;est pas possible.<br>L&#8217;utilisation par des tiers des donn\u00e9es de contact publi\u00e9es dans le cadre de l&#8217;obligation d&#8217;impressum pour l&#8217;envoi de publicit\u00e9 et de mat\u00e9riel d&#8217;information non express\u00e9ment demand\u00e9 est express\u00e9ment interdite. Les exploitants des pages se r\u00e9servent express\u00e9ment le droit d&#8217;engager des poursuites judiciaires en cas d&#8217;envoi non sollicit\u00e9 d&#8217;informations publicitaires, comme les spams.<\/p>\n\n\n\n<p>Google Analytics<\/p>\n\n\n\n<p>Ce site Web utilise Google Analytics, un service d&#8217;analyse du Web fourni par Google, Inc. (&#8220;Google&#8220;). Google Analytics utilise des cookies, qui sont des fichiers texte plac\u00e9s sur votre ordinateur, pour aider le site internet \u00e0 analyser l&#8217;utilisation du site par ses utilisateurs. Les informations g\u00e9n\u00e9r\u00e9es par les cookies concernant votre utilisation du site (y compris votre adresse IP) sont transmises et stock\u00e9es par Google sur des serveurs situ\u00e9s aux \u00c9tats-Unis. Google utilisera cette information dans le but d&#8217;\u00e9valuer votre utilisation du site, de compiler des rapports sur l&#8217;activit\u00e9 du site \u00e0 destination de son \u00e9diteur et de fournir d&#8217;autres services relatifs \u00e0 l&#8217;activit\u00e9 du site et \u00e0 l&#8217;utilisation d&#8217;Internet. Google peut \u00e9galement transmettre ces informations \u00e0 des tiers si la loi l&#8217;exige ou si ces tiers traitent ces informations pour le compte de Google. Google n&#8217;associera pas votre adresse IP \u00e0 d&#8217;autres donn\u00e9es d\u00e9tenues par Google. Vous pouvez refuser l&#8217;utilisation de cookies en s\u00e9lectionnant les param\u00e8tres appropri\u00e9s de votre navigateur, mais veuillez noter que si vous faites cela, vous ne pourrez peut-\u00eatre pas utiliser toutes les fonctionnalit\u00e9s de ce site web. En utilisant ce site Web, vous consentez au traitement des donn\u00e9es vous concernant par Google de la mani\u00e8re et aux fins d\u00e9crites ci-dessus.<\/p>\n","protected":false},"excerpt":{"rendered":"<p>Informations selon le \u00a7 5 TMG ETE European-Technology-Export. UG ( hb) K\u00f6lner Str. 12 a, D-57612 Kroppach USt-ID: DE327103524 Repr\u00e9sent\u00e9 par :Robert Sch\u00fcchen D\u00e9charge de responsabilit\u00e9 : Responsabilit\u00e9 du contenu Le contenu de nos pages a \u00e9t\u00e9 cr\u00e9\u00e9 avec le plus grand soin. Toutefois, nous ne pouvons assumer aucune responsabilit\u00e9 quant \u00e0 l&#8217;exactitude, l&#8217;exhaustivit\u00e9 et [&hellip;]<\/p>\n","protected":false},"author":1,"featured_media":0,"parent":0,"menu_order":0,"comment_status":"closed","ping_status":"closed","template":"","meta":{"footnotes":""},"class_list":["post-2701","page","type-page","status-publish","hentry"],"_links":{"self":[{"href":"https:\/\/hiproagro.com\/index.php?rest_route=\/wp\/v2\/pages\/2701","targetHints":{"allow":["GET"]}}],"collection":[{"href":"https:\/\/hiproagro.com\/index.php?rest_route=\/wp\/v2\/pages"}],"about":[{"href":"https:\/\/hiproagro.com\/index.php?rest_route=\/wp\/v2\/types\/page"}],"author":[{"embeddable":true,"href":"https:\/\/hiproagro.com\/index.php?rest_route=\/wp\/v2\/users\/1"}],"replies":[{"embeddable":true,"href":"https:\/\/hiproagro.com\/index.php?rest_route=%2Fwp%2Fv2%2Fcomments&post=2701"}],"version-history":[{"count":5,"href":"https:\/\/hiproagro.com\/index.php?rest_route=\/wp\/v2\/pages\/2701\/revisions"}],"predecessor-version":[{"id":3077,"href":"https:\/\/hiproagro.com\/index.php?rest_route=\/wp\/v2\/pages\/2701\/revisions\/3077"}],"wp:attachment":[{"href":"https:\/\/hiproagro.com\/index.php?rest_route=%2Fwp%2Fv2%2Fmedia&parent=2701"}],"curies":[{"name":"wp","href":"https:\/\/api.w.org\/{rel}","templated":true}]}}